{"id":375,"date":"2025-08-28T21:12:33","date_gmt":"2025-08-28T21:12:33","guid":{"rendered":"https:\/\/numguentu.com.br\/site\/?page_id=375"},"modified":"2025-08-29T14:45:30","modified_gmt":"2025-08-29T14:45:30","slug":"nossa-sede","status":"publish","type":"page","link":"https:\/\/numguentu.com.br\/site\/nossa-sede\/","title":{"rendered":"NOSSA SEDE"},"content":{"rendered":"<p style=\"text-align: center;\"><img loading=\"lazy\" decoding=\"async\" class=\"aligncenter wp-image-338 size-large\" src=\"https:\/\/numguentu.com.br\/site\/wp-content\/uploads\/2025\/04\/IMG_20221027_211448-1024x576.jpg\" alt=\"\" width=\"1024\" height=\"576\" srcset=\"https:\/\/numguentu.com.br\/site\/wp-content\/uploads\/2025\/04\/IMG_20221027_211448-1024x576.jpg 1024w, https:\/\/numguentu.com.br\/site\/wp-content\/uploads\/2025\/04\/IMG_20221027_211448-300x169.jpg 300w, https:\/\/numguentu.com.br\/site\/wp-content\/uploads\/2025\/04\/IMG_20221027_211448-768x432.jpg 768w, https:\/\/numguentu.com.br\/site\/wp-content\/uploads\/2025\/04\/IMG_20221027_211448-1536x864.jpg 1536w, https:\/\/numguentu.com.br\/site\/wp-content\/uploads\/2025\/04\/IMG_20221027_211448-2048x1152.jpg 2048w, https:\/\/numguentu.com.br\/site\/wp-content\/uploads\/2025\/04\/IMG_20221027_211448-1920x1080.jpg 1920w\" sizes=\"auto, (max-width: 1024px) 100vw, 1024px\" \/><\/p>\n<p><span style=\"color: #800000;\"><strong><span class=\"selected\">BEM-VINDOS \u00c0 NOSSA CASA: A SEDE DA ASSOCIA\u00c7\u00c3O CULTURAL E ESPORTIVA NUMGUENTU!<\/span><\/strong><\/span><\/p>\n<p style=\"text-align: justify;\"><span class=\"selected\">Mais do que um espa\u00e7o f\u00edsico, nossa sede \u00e9 o cora\u00e7\u00e3o pulsante da Associa\u00e7\u00e3o Cultural e Esportiva Numguentu, um local onde sonhos se encontram, projetos ganham vida e a galera se une. Localizada na Avenida Nicola Cianflone, n\u00ba 309, em Santa Isabel\/SP, nossa casa foi constru\u00edda com muito esfor\u00e7o e carinho ao longo dos nossos anos de hist\u00f3ria.<\/span><\/p>\n<p style=\"text-align: justify;\"><span class=\"selected\">Aqui, celebramos nossas conquistas, planejamos o futuro, desenvolvemos nossos projetos sociais e esportivos, e promovemos a cultura e a alegria para todos. \u00c9 um ambiente pensado para o conv\u00edvio, a divers\u00e3o e a realiza\u00e7\u00e3o de eventos que fortalecem nossos la\u00e7os e impactam positivamente.<\/span><\/p>\n<p style=\"text-align: justify;\"><span class=\"selected\">Convidamos voc\u00ea a conhecer de perto o nosso espa\u00e7o! Seja para participar de nossas atividades, para realizar seu evento especial ou simplesmente para nos visitar e sentir a energia do Numguentu.<\/span><\/p>\n<p style=\"text-align: justify;\"><span class=\"selected\">Venha fazer parte da nossa hist\u00f3ria e construir novos cap\u00edtulos conosco!<\/span><\/p>\n<ul>\n<li><span style=\"color: #800000;\"><strong>O QUE TEM NA SEDE?<\/strong><\/span>\n<ul>\n<li>TV<\/li>\n<li>Ventilador<\/li>\n<li>Mesa de Sinuca<\/li>\n<li>Baralho e Domin\u00f3<\/li>\n<li>Bola de Futebol<\/li>\n<li>Geladeira<\/li>\n<li>Freezer<\/li>\n<li>Churrasqueira<\/li>\n<li>Utens\u00edlios b\u00e1sicos de cozinha<\/li>\n<li>Mesas e Cadeiras<\/li>\n<li>Tambores de Lixo<\/li>\n<li>Gal\u00e3o de \u00c1gua e Suporte<\/li>\n<li>Internet Wi-Fi<\/li>\n<li>Caixa de Som Simples com Bluetooth<\/li>\n<\/ul>\n<\/li>\n<\/ul>\n<p>&nbsp;<\/p>\n<ul>\n<li><span style=\"color: #800000;\"><strong>POSSO FAZER UM EVENTO PARTICULAR NA SEDE? QUANTO CUSTA?<\/strong><\/span>\n<ul>\n<li>Sim, \u00e9 possivel alugar o espa\u00e7o para eventos particulares, contribuindo para as a\u00e7\u00f5es da Associa\u00e7\u00e3o. As regras e valores est\u00e3o descritas no <strong><a href=\"https:\/\/numguentu.com.br\/site\/regulamento-sede\/\"><span style=\"color: #800000;\">TERMOS DE UTILIZA\u00c7\u00c3O PARA S\u00d3CIOS E N\u00c3O S\u00d3CIOS<\/span><\/a><\/strong><\/li>\n<\/ul>\n<\/li>\n<\/ul>\n<p>&nbsp;<\/p>\n<p>&nbsp;<\/p>\n<p style=\"text-align: center;\"><iframe loading=\"lazy\" src=\"https:\/\/docs.google.com\/forms\/d\/e\/1FAIpQLSerhXzYblb0B-9ckLtemvBF6mxvouuurPI8mdLktVVItc-lVQ\/viewform?embedded=true\" width=\"800\" height=\"2600\" frameborder=\"0\" marginwidth=\"0\" marginheight=\"0\">Loading\u2026<\/iframe><\/p>\n<p>&nbsp;<\/p>\n","protected":false},"excerpt":{"rendered":"<p>BEM-VINDOS \u00c0 NOSSA CASA: A SEDE DA ASSOCIA\u00c7\u00c3O CULTURAL E ESPORTIVA NUMGUENTU! Mais do que um espa\u00e7o f\u00edsico, nossa sede \u00e9 o cora\u00e7\u00e3o pulsante da Associa\u00e7\u00e3o Cultural e Esportiva Numguentu, um local onde sonhos se encontram, projetos ganham vida e a galera se une. Localizada na Avenida Nicola Cianflone, n\u00ba 309, em Santa Isabel\/SP, nossa&hellip; <br \/> <a class=\"button small blue\" href=\"https:\/\/numguentu.com.br\/site\/nossa-sede\/\">Leia mais<\/a><\/p>\n","protected":false},"author":1,"featured_media":338,"parent":0,"menu_order":0,"comment_status":"closed","ping_status":"closed","template":"","meta":{"footnotes":""},"class_list":["post-375","page","type-page","status-publish","has-post-thumbnail","hentry"],"_links":{"self":[{"href":"https:\/\/numguentu.com.br\/site\/wp-json\/wp\/v2\/pages\/375","targetHints":{"allow":["GET"]}}],"collection":[{"href":"https:\/\/numguentu.com.br\/site\/wp-json\/wp\/v2\/pages"}],"about":[{"href":"https:\/\/numguentu.com.br\/site\/wp-json\/wp\/v2\/types\/page"}],"author":[{"embeddable":true,"href":"https:\/\/numguentu.com.br\/site\/wp-json\/wp\/v2\/users\/1"}],"replies":[{"embeddable":true,"href":"https:\/\/numguentu.com.br\/site\/wp-json\/wp\/v2\/comments?post=375"}],"version-history":[{"count":12,"href":"https:\/\/numguentu.com.br\/site\/wp-json\/wp\/v2\/pages\/375\/revisions"}],"predecessor-version":[{"id":407,"href":"https:\/\/numguentu.com.br\/site\/wp-json\/wp\/v2\/pages\/375\/revisions\/407"}],"wp:featuredmedia":[{"embeddable":true,"href":"https:\/\/numguentu.com.br\/site\/wp-json\/wp\/v2\/media\/338"}],"wp:attachment":[{"href":"https:\/\/numguentu.com.br\/site\/wp-json\/wp\/v2\/media?parent=375"}],"curies":[{"name":"wp","href":"https:\/\/api.w.org\/{rel}","templated":true}]}}