{"id":266,"date":"2025-02-12T20:03:17","date_gmt":"2025-02-12T20:03:17","guid":{"rendered":"https:\/\/numguentu.com.br\/site\/?page_id=266"},"modified":"2025-04-17T19:56:03","modified_gmt":"2025-04-17T19:56:03","slug":"campanhas","status":"publish","type":"page","link":"https:\/\/numguentu.com.br\/site\/campanhas\/","title":{"rendered":"CAMPANHAS"},"content":{"rendered":"<p style=\"text-align: justify;\">O Numguentu acredita no poder da solidariedade! Nossas <strong data-start=\"2089\" data-end=\"2110\">campanhas sociais<\/strong> arrecadam alimentos, roupas, brinquedos e outros itens essenciais para ajudar quem mais precisa. Seja em datas especiais ou a\u00e7\u00f5es cont\u00ednuas, mobilizamos nossa comunidade para transformar vidas. Juntos, fazemos a diferen\u00e7a!<\/p>\n<p>&nbsp;<\/p>\n<p><img loading=\"lazy\" decoding=\"async\" class=\"aligncenter size-large wp-image-136\" src=\"https:\/\/numguentu.com.br\/site\/wp-content\/uploads\/2025\/02\/fundo-social-1-1024x576.jpeg\" alt=\"\" width=\"1024\" height=\"576\" srcset=\"https:\/\/numguentu.com.br\/site\/wp-content\/uploads\/2025\/02\/fundo-social-1-1024x576.jpeg 1024w, https:\/\/numguentu.com.br\/site\/wp-content\/uploads\/2025\/02\/fundo-social-1-300x169.jpeg 300w, https:\/\/numguentu.com.br\/site\/wp-content\/uploads\/2025\/02\/fundo-social-1-768x432.jpeg 768w, https:\/\/numguentu.com.br\/site\/wp-content\/uploads\/2025\/02\/fundo-social-1-1536x864.jpeg 1536w, https:\/\/numguentu.com.br\/site\/wp-content\/uploads\/2025\/02\/fundo-social-1-2048x1152.jpeg 2048w, https:\/\/numguentu.com.br\/site\/wp-content\/uploads\/2025\/02\/fundo-social-1-1920x1080.jpeg 1920w\" sizes=\"auto, (max-width: 1024px) 100vw, 1024px\" \/><\/p>\n<p style=\"text-align: center;\"><a href=\"https:\/\/numguentu.com.br\/site\/reforma\"><img loading=\"lazy\" decoding=\"async\" class=\"aligncenter size-full wp-image-329\" src=\"https:\/\/numguentu.com.br\/site\/wp-content\/uploads\/2025\/04\/BANNER-CHAMADA.jpg\" alt=\"\" width=\"800\" height=\"250\" srcset=\"https:\/\/numguentu.com.br\/site\/wp-content\/uploads\/2025\/04\/BANNER-CHAMADA.jpg 800w, https:\/\/numguentu.com.br\/site\/wp-content\/uploads\/2025\/04\/BANNER-CHAMADA-300x94.jpg 300w, https:\/\/numguentu.com.br\/site\/wp-content\/uploads\/2025\/04\/BANNER-CHAMADA-768x240.jpg 768w\" sizes=\"auto, (max-width: 800px) 100vw, 800px\" \/><\/a><\/p>\n","protected":false},"excerpt":{"rendered":"<p>O Numguentu acredita no poder da solidariedade! Nossas campanhas sociais arrecadam alimentos, roupas, brinquedos e outros itens essenciais para ajudar quem mais precisa. Seja em datas especiais ou a\u00e7\u00f5es cont\u00ednuas, mobilizamos nossa comunidade para transformar vidas. Juntos, fazemos a diferen\u00e7a! &nbsp;<\/p>\n","protected":false},"author":1,"featured_media":0,"parent":0,"menu_order":0,"comment_status":"closed","ping_status":"closed","template":"","meta":{"footnotes":""},"class_list":["post-266","page","type-page","status-publish","hentry"],"_links":{"self":[{"href":"https:\/\/numguentu.com.br\/site\/wp-json\/wp\/v2\/pages\/266","targetHints":{"allow":["GET"]}}],"collection":[{"href":"https:\/\/numguentu.com.br\/site\/wp-json\/wp\/v2\/pages"}],"about":[{"href":"https:\/\/numguentu.com.br\/site\/wp-json\/wp\/v2\/types\/page"}],"author":[{"embeddable":true,"href":"https:\/\/numguentu.com.br\/site\/wp-json\/wp\/v2\/users\/1"}],"replies":[{"embeddable":true,"href":"https:\/\/numguentu.com.br\/site\/wp-json\/wp\/v2\/comments?post=266"}],"version-history":[{"count":2,"href":"https:\/\/numguentu.com.br\/site\/wp-json\/wp\/v2\/pages\/266\/revisions"}],"predecessor-version":[{"id":330,"href":"https:\/\/numguentu.com.br\/site\/wp-json\/wp\/v2\/pages\/266\/revisions\/330"}],"wp:attachment":[{"href":"https:\/\/numguentu.com.br\/site\/wp-json\/wp\/v2\/media?parent=266"}],"curies":[{"name":"wp","href":"https:\/\/api.w.org\/{rel}","templated":true}]}}