{"id":262,"date":"2025-02-12T20:01:12","date_gmt":"2025-02-12T20:01:12","guid":{"rendered":"https:\/\/numguentu.com.br\/site\/?page_id=262"},"modified":"2025-08-28T18:48:32","modified_gmt":"2025-08-28T18:48:32","slug":"festa-das-criancas","status":"publish","type":"page","link":"https:\/\/numguentu.com.br\/site\/festa-das-criancas\/","title":{"rendered":"FESTA DAS CRIAN\u00c7AS"},"content":{"rendered":"<p style=\"text-align: justify;\">Nossa <strong data-start=\"1329\" data-end=\"1351\">Festa das Crian\u00e7as<\/strong> j\u00e1 se tornou uma tradi\u00e7\u00e3o em Santa Isabel! O maior evento infantil gratuito da cidade proporciona um dia inesquec\u00edvel para centenas de crian\u00e7as, com brinquedos, m\u00fasica, comidas, bebidas e muitas surpresas. Al\u00e9m da divers\u00e3o, arrecadamos doa\u00e7\u00f5es para ajudar fam\u00edlias carentes, refor\u00e7ando nosso compromisso social.<\/p>\n<p style=\"text-align: center;\"><span class=\"selected\"><span style=\"color: #ff0000;\"><strong>FESTA DAS CRIAN\u00c7AS 2025<\/strong><\/span><br \/>\n25 de outubro de 2025, s\u00e1bado<br \/>\n\u23f0 d<\/span><span class=\"selected\">as 13h \u00e0s 18h<br \/>\n\ud83d\udccd <\/span><strong><span class=\"selected\">Local:<\/span><\/strong><span class=\"selected\"> Quadra da Escola Oscar Ferreira de Godoy, 13 de Maio<br \/>\nSanta Isabel, SP<br \/>\n<a href=\"https:\/\/numguentu.com.br\/site\/2025\/08\/28\/a-5a-festa-das-criancas-do-numguentu-esta-chegando-seja-um-parceiro-dessa-alegria\/\">CLIQUE AQUI E SAIBA TUDO SOBRE A FESTA<\/a><\/span><\/p>\n\n\t\t<style type=\"text\/css\">\n\t\t\t#gallery-1 {\n\t\t\t\tmargin: auto;\n\t\t\t}\n\t\t\t#gallery-1 .gallery-item {\n\t\t\t\tfloat: left;\n\t\t\t\tmargin-top: 10px;\n\t\t\t\ttext-align: center;\n\t\t\t\twidth: 33%;\n\t\t\t}\n\t\t\t#gallery-1 img {\n\t\t\t\tborder: 2px solid #cfcfcf;\n\t\t\t}\n\t\t\t#gallery-1 .gallery-caption {\n\t\t\t\tmargin-left: 0;\n\t\t\t}\n\t\t\t\/* see gallery_shortcode() in wp-includes\/media.php *\/\n\t\t<\/style>\n\t\t<div id='gallery-1' class='gallery galleryid-262 gallery-columns-3 gallery-size-medium'><dl class='gallery-item'>\n\t\t\t<dt class='gallery-icon landscape'>\n\t\t\t\t<a href='https:\/\/numguentu.com.br\/site\/wp-content\/uploads\/2025\/02\/cropped-NUMGUENTU-2024-Creditos-@flipe.motion-Felipe-Bezerril-144-scaled-1.jpg'><img loading=\"lazy\" decoding=\"async\" width=\"300\" height=\"200\" src=\"https:\/\/numguentu.com.br\/site\/wp-content\/uploads\/2025\/02\/cropped-NUMGUENTU-2024-Creditos-@flipe.motion-Felipe-Bezerril-144-scaled-1-300x200.jpg\" class=\"attachment-medium size-medium\" alt=\"\" srcset=\"https:\/\/numguentu.com.br\/site\/wp-content\/uploads\/2025\/02\/cropped-NUMGUENTU-2024-Creditos-@flipe.motion-Felipe-Bezerril-144-scaled-1-300x200.jpg 300w, https:\/\/numguentu.com.br\/site\/wp-content\/uploads\/2025\/02\/cropped-NUMGUENTU-2024-Creditos-@flipe.motion-Felipe-Bezerril-144-scaled-1-1024x683.jpg 1024w, https:\/\/numguentu.com.br\/site\/wp-content\/uploads\/2025\/02\/cropped-NUMGUENTU-2024-Creditos-@flipe.motion-Felipe-Bezerril-144-scaled-1-768x512.jpg 768w, https:\/\/numguentu.com.br\/site\/wp-content\/uploads\/2025\/02\/cropped-NUMGUENTU-2024-Creditos-@flipe.motion-Felipe-Bezerril-144-scaled-1.jpg 1200w\" sizes=\"auto, (max-width: 300px) 100vw, 300px\" \/><\/a>\n\t\t\t<\/dt><\/dl><dl class='gallery-item'>\n\t\t\t<dt class='gallery-icon landscape'>\n\t\t\t\t<a href='https:\/\/numguentu.com.br\/site\/wp-content\/uploads\/2025\/02\/Creditos-Foto-Barbara-Soares-@pedefotografia-157-scaled.jpg'><img loading=\"lazy\" decoding=\"async\" width=\"300\" height=\"200\" src=\"https:\/\/numguentu.com.br\/site\/wp-content\/uploads\/2025\/02\/Creditos-Foto-Barbara-Soares-@pedefotografia-157-300x200.jpg\" class=\"attachment-medium size-medium\" alt=\"\" srcset=\"https:\/\/numguentu.com.br\/site\/wp-content\/uploads\/2025\/02\/Creditos-Foto-Barbara-Soares-@pedefotografia-157-300x200.jpg 300w, https:\/\/numguentu.com.br\/site\/wp-content\/uploads\/2025\/02\/Creditos-Foto-Barbara-Soares-@pedefotografia-157-1024x683.jpg 1024w, https:\/\/numguentu.com.br\/site\/wp-content\/uploads\/2025\/02\/Creditos-Foto-Barbara-Soares-@pedefotografia-157-768x512.jpg 768w, https:\/\/numguentu.com.br\/site\/wp-content\/uploads\/2025\/02\/Creditos-Foto-Barbara-Soares-@pedefotografia-157-1536x1024.jpg 1536w, https:\/\/numguentu.com.br\/site\/wp-content\/uploads\/2025\/02\/Creditos-Foto-Barbara-Soares-@pedefotografia-157-2048x1365.jpg 2048w, https:\/\/numguentu.com.br\/site\/wp-content\/uploads\/2025\/02\/Creditos-Foto-Barbara-Soares-@pedefotografia-157-1620x1080.jpg 1620w\" sizes=\"auto, (max-width: 300px) 100vw, 300px\" \/><\/a>\n\t\t\t<\/dt><\/dl><dl class='gallery-item'>\n\t\t\t<dt class='gallery-icon landscape'>\n\t\t\t\t<a href='https:\/\/numguentu.com.br\/site\/wp-content\/uploads\/2025\/02\/Creditos-Foto-Barbara-Soares-@pedefotografia-138-scaled.jpg'><img loading=\"lazy\" decoding=\"async\" width=\"300\" height=\"200\" src=\"https:\/\/numguentu.com.br\/site\/wp-content\/uploads\/2025\/02\/Creditos-Foto-Barbara-Soares-@pedefotografia-138-300x200.jpg\" class=\"attachment-medium size-medium\" alt=\"\" srcset=\"https:\/\/numguentu.com.br\/site\/wp-content\/uploads\/2025\/02\/Creditos-Foto-Barbara-Soares-@pedefotografia-138-300x200.jpg 300w, https:\/\/numguentu.com.br\/site\/wp-content\/uploads\/2025\/02\/Creditos-Foto-Barbara-Soares-@pedefotografia-138-1024x683.jpg 1024w, https:\/\/numguentu.com.br\/site\/wp-content\/uploads\/2025\/02\/Creditos-Foto-Barbara-Soares-@pedefotografia-138-768x512.jpg 768w, https:\/\/numguentu.com.br\/site\/wp-content\/uploads\/2025\/02\/Creditos-Foto-Barbara-Soares-@pedefotografia-138-1536x1024.jpg 1536w, https:\/\/numguentu.com.br\/site\/wp-content\/uploads\/2025\/02\/Creditos-Foto-Barbara-Soares-@pedefotografia-138-2048x1365.jpg 2048w, https:\/\/numguentu.com.br\/site\/wp-content\/uploads\/2025\/02\/Creditos-Foto-Barbara-Soares-@pedefotografia-138-1620x1080.jpg 1620w\" sizes=\"auto, (max-width: 300px) 100vw, 300px\" \/><\/a>\n\t\t\t<\/dt><\/dl><br style=\"clear: both\" \/><dl class='gallery-item'>\n\t\t\t<dt class='gallery-icon portrait'>\n\t\t\t\t<a href='https:\/\/numguentu.com.br\/site\/wp-content\/uploads\/2025\/02\/Creditos-Foto-Barbara-Soares-@pedefotografia-49-scaled.jpg'><img loading=\"lazy\" decoding=\"async\" width=\"200\" height=\"300\" src=\"https:\/\/numguentu.com.br\/site\/wp-content\/uploads\/2025\/02\/Creditos-Foto-Barbara-Soares-@pedefotografia-49-200x300.jpg\" class=\"attachment-medium size-medium\" alt=\"\" srcset=\"https:\/\/numguentu.com.br\/site\/wp-content\/uploads\/2025\/02\/Creditos-Foto-Barbara-Soares-@pedefotografia-49-200x300.jpg 200w, https:\/\/numguentu.com.br\/site\/wp-content\/uploads\/2025\/02\/Creditos-Foto-Barbara-Soares-@pedefotografia-49-683x1024.jpg 683w, https:\/\/numguentu.com.br\/site\/wp-content\/uploads\/2025\/02\/Creditos-Foto-Barbara-Soares-@pedefotografia-49-768x1152.jpg 768w, https:\/\/numguentu.com.br\/site\/wp-content\/uploads\/2025\/02\/Creditos-Foto-Barbara-Soares-@pedefotografia-49-1024x1536.jpg 1024w, https:\/\/numguentu.com.br\/site\/wp-content\/uploads\/2025\/02\/Creditos-Foto-Barbara-Soares-@pedefotografia-49-1365x2048.jpg 1365w, https:\/\/numguentu.com.br\/site\/wp-content\/uploads\/2025\/02\/Creditos-Foto-Barbara-Soares-@pedefotografia-49-720x1080.jpg 720w, https:\/\/numguentu.com.br\/site\/wp-content\/uploads\/2025\/02\/Creditos-Foto-Barbara-Soares-@pedefotografia-49-scaled.jpg 1706w\" sizes=\"auto, (max-width: 200px) 100vw, 200px\" \/><\/a>\n\t\t\t<\/dt><\/dl><dl class='gallery-item'>\n\t\t\t<dt class='gallery-icon portrait'>\n\t\t\t\t<a href='https:\/\/numguentu.com.br\/site\/wp-content\/uploads\/2025\/02\/Creditos-Foto-Barbara-Soares-@pedefotografia-20-scaled-e1738961669908.jpg'><img loading=\"lazy\" decoding=\"async\" width=\"180\" height=\"300\" src=\"https:\/\/numguentu.com.br\/site\/wp-content\/uploads\/2025\/02\/Creditos-Foto-Barbara-Soares-@pedefotografia-20-scaled-e1738961669908-180x300.jpg\" class=\"attachment-medium size-medium\" alt=\"\" srcset=\"https:\/\/numguentu.com.br\/site\/wp-content\/uploads\/2025\/02\/Creditos-Foto-Barbara-Soares-@pedefotografia-20-scaled-e1738961669908-180x300.jpg 180w, https:\/\/numguentu.com.br\/site\/wp-content\/uploads\/2025\/02\/Creditos-Foto-Barbara-Soares-@pedefotografia-20-scaled-e1738961669908-614x1024.jpg 614w, https:\/\/numguentu.com.br\/site\/wp-content\/uploads\/2025\/02\/Creditos-Foto-Barbara-Soares-@pedefotografia-20-scaled-e1738961669908-768x1280.jpg 768w, https:\/\/numguentu.com.br\/site\/wp-content\/uploads\/2025\/02\/Creditos-Foto-Barbara-Soares-@pedefotografia-20-scaled-e1738961669908-921x1536.jpg 921w, https:\/\/numguentu.com.br\/site\/wp-content\/uploads\/2025\/02\/Creditos-Foto-Barbara-Soares-@pedefotografia-20-scaled-e1738961669908-648x1080.jpg 648w, https:\/\/numguentu.com.br\/site\/wp-content\/uploads\/2025\/02\/Creditos-Foto-Barbara-Soares-@pedefotografia-20-scaled-e1738961669908.jpg 1024w\" sizes=\"auto, (max-width: 180px) 100vw, 180px\" \/><\/a>\n\t\t\t<\/dt><\/dl><dl class='gallery-item'>\n\t\t\t<dt class='gallery-icon portrait'>\n\t\t\t\t<a href='https:\/\/numguentu.com.br\/site\/wp-content\/uploads\/2025\/02\/fundo-social-scaled-e1738962244962.jpeg'><img loading=\"lazy\" decoding=\"async\" width=\"186\" height=\"300\" src=\"https:\/\/numguentu.com.br\/site\/wp-content\/uploads\/2025\/02\/fundo-social-scaled-e1738962244962-186x300.jpeg\" class=\"attachment-medium size-medium\" alt=\"\" srcset=\"https:\/\/numguentu.com.br\/site\/wp-content\/uploads\/2025\/02\/fundo-social-scaled-e1738962244962-186x300.jpeg 186w, https:\/\/numguentu.com.br\/site\/wp-content\/uploads\/2025\/02\/fundo-social-scaled-e1738962244962-634x1024.jpeg 634w, https:\/\/numguentu.com.br\/site\/wp-content\/uploads\/2025\/02\/fundo-social-scaled-e1738962244962-768x1240.jpeg 768w, https:\/\/numguentu.com.br\/site\/wp-content\/uploads\/2025\/02\/fundo-social-scaled-e1738962244962-669x1080.jpeg 669w, https:\/\/numguentu.com.br\/site\/wp-content\/uploads\/2025\/02\/fundo-social-scaled-e1738962244962.jpeg 892w\" sizes=\"auto, (max-width: 186px) 100vw, 186px\" \/><\/a>\n\t\t\t<\/dt><\/dl><br style=\"clear: both\" \/>\n\t\t<\/div>\n\n","protected":false},"excerpt":{"rendered":"<p>Nossa Festa das Crian\u00e7as j\u00e1 se tornou uma tradi\u00e7\u00e3o em Santa Isabel! O maior evento infantil gratuito da cidade proporciona um dia inesquec\u00edvel para centenas de crian\u00e7as, com brinquedos, m\u00fasica, comidas, bebidas e muitas surpresas. Al\u00e9m da divers\u00e3o, arrecadamos doa\u00e7\u00f5es para ajudar fam\u00edlias carentes, refor\u00e7ando nosso compromisso social. FESTA DAS CRIAN\u00c7AS 2025 25 de outubro&hellip; <br \/> <a class=\"button small blue\" href=\"https:\/\/numguentu.com.br\/site\/festa-das-criancas\/\">Leia mais<\/a><\/p>\n","protected":false},"author":1,"featured_media":0,"parent":0,"menu_order":0,"comment_status":"closed","ping_status":"closed","template":"","meta":{"footnotes":""},"class_list":["post-262","page","type-page","status-publish","hentry"],"_links":{"self":[{"href":"https:\/\/numguentu.com.br\/site\/wp-json\/wp\/v2\/pages\/262","targetHints":{"allow":["GET"]}}],"collection":[{"href":"https:\/\/numguentu.com.br\/site\/wp-json\/wp\/v2\/pages"}],"about":[{"href":"https:\/\/numguentu.com.br\/site\/wp-json\/wp\/v2\/types\/page"}],"author":[{"embeddable":true,"href":"https:\/\/numguentu.com.br\/site\/wp-json\/wp\/v2\/users\/1"}],"replies":[{"embeddable":true,"href":"https:\/\/numguentu.com.br\/site\/wp-json\/wp\/v2\/comments?post=262"}],"version-history":[{"count":3,"href":"https:\/\/numguentu.com.br\/site\/wp-json\/wp\/v2\/pages\/262\/revisions"}],"predecessor-version":[{"id":357,"href":"https:\/\/numguentu.com.br\/site\/wp-json\/wp\/v2\/pages\/262\/revisions\/357"}],"wp:attachment":[{"href":"https:\/\/numguentu.com.br\/site\/wp-json\/wp\/v2\/media?parent=262"}],"curies":[{"name":"wp","href":"https:\/\/api.w.org\/{rel}","templated":true}]}}