{"id":260,"date":"2025-02-12T19:59:36","date_gmt":"2025-02-12T19:59:36","guid":{"rendered":"https:\/\/numguentu.com.br\/site\/?page_id=260"},"modified":"2025-02-12T19:59:36","modified_gmt":"2025-02-12T19:59:36","slug":"bateria-muita-treta","status":"publish","type":"page","link":"https:\/\/numguentu.com.br\/site\/bateria-muita-treta\/","title":{"rendered":"BATERIA MUITA TRETA"},"content":{"rendered":"<p style=\"text-align: justify;\">A <strong data-start=\"952\" data-end=\"975\">Bateria Muita Treta<\/strong> \u00e9 o cora\u00e7\u00e3o pulsante do Numguentu! Formada por integrantes apaixonados pelo ritmo e pela vibra\u00e7\u00e3o das arquibancadas, nossa bateria marca presen\u00e7a nos jogos, eventos e no Carnaval, garantindo energia e anima\u00e7\u00e3o. Com batuques envolventes e uma cad\u00eancia contagiante, a Muita Treta \u00e9 o s\u00edmbolo da nossa paix\u00e3o e uni\u00e3o!<\/p>\n<p style=\"text-align: center;\"><img loading=\"lazy\" decoding=\"async\" class=\"aligncenter size-large wp-image-133\" src=\"https:\/\/numguentu.com.br\/site\/wp-content\/uploads\/2025\/02\/BLOCO-NUMGUENTU-BATERIA-MUITA-TRETA-1-1-1024x769.jpeg\" alt=\"\" width=\"1024\" height=\"769\" srcset=\"https:\/\/numguentu.com.br\/site\/wp-content\/uploads\/2025\/02\/BLOCO-NUMGUENTU-BATERIA-MUITA-TRETA-1-1-1024x769.jpeg 1024w, https:\/\/numguentu.com.br\/site\/wp-content\/uploads\/2025\/02\/BLOCO-NUMGUENTU-BATERIA-MUITA-TRETA-1-1-300x225.jpeg 300w, https:\/\/numguentu.com.br\/site\/wp-content\/uploads\/2025\/02\/BLOCO-NUMGUENTU-BATERIA-MUITA-TRETA-1-1-768x577.jpeg 768w, https:\/\/numguentu.com.br\/site\/wp-content\/uploads\/2025\/02\/BLOCO-NUMGUENTU-BATERIA-MUITA-TRETA-1-1-1536x1153.jpeg 1536w, https:\/\/numguentu.com.br\/site\/wp-content\/uploads\/2025\/02\/BLOCO-NUMGUENTU-BATERIA-MUITA-TRETA-1-1-2048x1537.jpeg 2048w, https:\/\/numguentu.com.br\/site\/wp-content\/uploads\/2025\/02\/BLOCO-NUMGUENTU-BATERIA-MUITA-TRETA-1-1-1439x1080.jpeg 1439w\" sizes=\"auto, (max-width: 1024px) 100vw, 1024px\" \/><\/p>\n","protected":false},"excerpt":{"rendered":"<p>A Bateria Muita Treta \u00e9 o cora\u00e7\u00e3o pulsante do Numguentu! Formada por integrantes apaixonados pelo ritmo e pela vibra\u00e7\u00e3o das arquibancadas, nossa bateria marca presen\u00e7a nos jogos, eventos e no Carnaval, garantindo energia e anima\u00e7\u00e3o. Com batuques envolventes e uma cad\u00eancia contagiante, a Muita Treta \u00e9 o s\u00edmbolo da nossa paix\u00e3o e uni\u00e3o!<\/p>\n","protected":false},"author":1,"featured_media":0,"parent":0,"menu_order":0,"comment_status":"closed","ping_status":"closed","template":"","meta":{"footnotes":""},"class_list":["post-260","page","type-page","status-publish","hentry"],"_links":{"self":[{"href":"https:\/\/numguentu.com.br\/site\/wp-json\/wp\/v2\/pages\/260","targetHints":{"allow":["GET"]}}],"collection":[{"href":"https:\/\/numguentu.com.br\/site\/wp-json\/wp\/v2\/pages"}],"about":[{"href":"https:\/\/numguentu.com.br\/site\/wp-json\/wp\/v2\/types\/page"}],"author":[{"embeddable":true,"href":"https:\/\/numguentu.com.br\/site\/wp-json\/wp\/v2\/users\/1"}],"replies":[{"embeddable":true,"href":"https:\/\/numguentu.com.br\/site\/wp-json\/wp\/v2\/comments?post=260"}],"version-history":[{"count":1,"href":"https:\/\/numguentu.com.br\/site\/wp-json\/wp\/v2\/pages\/260\/revisions"}],"predecessor-version":[{"id":261,"href":"https:\/\/numguentu.com.br\/site\/wp-json\/wp\/v2\/pages\/260\/revisions\/261"}],"wp:attachment":[{"href":"https:\/\/numguentu.com.br\/site\/wp-json\/wp\/v2\/media?parent=260"}],"curies":[{"name":"wp","href":"https:\/\/api.w.org\/{rel}","templated":true}]}}