{"id":208,"date":"2025-02-12T18:49:15","date_gmt":"2025-02-12T18:49:15","guid":{"rendered":"https:\/\/numguentu.com.br\/site\/?page_id=208"},"modified":"2025-02-12T18:49:15","modified_gmt":"2025-02-12T18:49:15","slug":"transparencia","status":"publish","type":"page","link":"https:\/\/numguentu.com.br\/site\/transparencia\/","title":{"rendered":"Transpar\u00eancia"},"content":{"rendered":"<p style=\"text-align: justify;\" data-start=\"122\" data-end=\"479\">O Numguentu preza pela transpar\u00eancia em todas as suas atividades, garantindo que seus recursos sejam utilizados de forma respons\u00e1vel e alinhada com os objetivos da associa\u00e7\u00e3o. Nesta se\u00e7\u00e3o, disponibilizamos nossos relat\u00f3rios financeiros e presta\u00e7\u00f5es de contas, permitindo que associados, parceiros e apoiadores acompanhem a gest\u00e3o e aplica\u00e7\u00e3o dos recursos.<\/p>\n<p style=\"text-align: justify;\" data-start=\"481\" data-end=\"597\">Todos os documentos s\u00e3o gerados diretamente pela nossa contabilidade e podem ser acessados atrav\u00e9s do link abaixo:<\/p>\n<p style=\"text-align: justify;\" data-start=\"599\" data-end=\"645\">\ud83d\udcc2 <strong data-start=\"602\" data-end=\"643\"><a href=\"https:\/\/drive.google.com\/drive\/folders\/1qvRsQU9FbAFRMXr9Y2z1OFb3NgWNFpHV?usp=sharing\" target=\"_blank\" rel=\"noopener\" data-start=\"604\" data-end=\"641\">Acesse os Relat\u00f3rios Financeiros<\/a><\/strong><\/p>\n<p style=\"text-align: justify;\" data-start=\"647\" data-end=\"850\">Acreditamos que a transpar\u00eancia fortalece a confian\u00e7a da comunidade e contribui para o crescimento sustent\u00e1vel do Numguentu.<\/p>\n<p style=\"text-align: justify;\" data-start=\"647\" data-end=\"850\">Caso tenha d\u00favidas ou precise de mais informa\u00e7\u00f5es, entre em <a href=\"mailto:contato@numguentu.com.br\">contato <\/a>conosco!<\/p>\n","protected":false},"excerpt":{"rendered":"<p>O Numguentu preza pela transpar\u00eancia em todas as suas atividades, garantindo que seus recursos sejam utilizados de forma respons\u00e1vel e alinhada com os objetivos da associa\u00e7\u00e3o. Nesta se\u00e7\u00e3o, disponibilizamos nossos relat\u00f3rios financeiros e presta\u00e7\u00f5es de contas, permitindo que associados, parceiros e apoiadores acompanhem a gest\u00e3o e aplica\u00e7\u00e3o dos recursos. Todos os documentos s\u00e3o gerados diretamente&hellip; <br \/> <a class=\"button small blue\" href=\"https:\/\/numguentu.com.br\/site\/transparencia\/\">Leia mais<\/a><\/p>\n","protected":false},"author":1,"featured_media":0,"parent":0,"menu_order":0,"comment_status":"closed","ping_status":"closed","template":"","meta":{"footnotes":""},"class_list":["post-208","page","type-page","status-publish","hentry"],"_links":{"self":[{"href":"https:\/\/numguentu.com.br\/site\/wp-json\/wp\/v2\/pages\/208","targetHints":{"allow":["GET"]}}],"collection":[{"href":"https:\/\/numguentu.com.br\/site\/wp-json\/wp\/v2\/pages"}],"about":[{"href":"https:\/\/numguentu.com.br\/site\/wp-json\/wp\/v2\/types\/page"}],"author":[{"embeddable":true,"href":"https:\/\/numguentu.com.br\/site\/wp-json\/wp\/v2\/users\/1"}],"replies":[{"embeddable":true,"href":"https:\/\/numguentu.com.br\/site\/wp-json\/wp\/v2\/comments?post=208"}],"version-history":[{"count":1,"href":"https:\/\/numguentu.com.br\/site\/wp-json\/wp\/v2\/pages\/208\/revisions"}],"predecessor-version":[{"id":209,"href":"https:\/\/numguentu.com.br\/site\/wp-json\/wp\/v2\/pages\/208\/revisions\/209"}],"wp:attachment":[{"href":"https:\/\/numguentu.com.br\/site\/wp-json\/wp\/v2\/media?parent=208"}],"curies":[{"name":"wp","href":"https:\/\/api.w.org\/{rel}","templated":true}]}}