{"id":2,"date":"2025-02-05T20:33:22","date_gmt":"2025-02-05T20:33:22","guid":{"rendered":"https:\/\/numguentu.com.br\/site\/?page_id=2"},"modified":"2025-02-12T18:51:26","modified_gmt":"2025-02-12T18:51:26","slug":"sobre","status":"publish","type":"page","link":"https:\/\/numguentu.com.br\/site\/sobre\/","title":{"rendered":"Sobre o Numguentu"},"content":{"rendered":"<p style=\"text-align: center;\"><img loading=\"lazy\" decoding=\"async\" class=\"aligncenter wp-image-86 size-large\" src=\"https:\/\/numguentu.com.br\/site\/wp-content\/uploads\/2025\/02\/NUMGUENTU-2024-Creditos-@flipe.motion-Felipe-Bezerril-175-1-scaled-e1738960624620-1024x314.jpg\" alt=\"\" width=\"1024\" height=\"314\" srcset=\"https:\/\/numguentu.com.br\/site\/wp-content\/uploads\/2025\/02\/NUMGUENTU-2024-Creditos-@flipe.motion-Felipe-Bezerril-175-1-scaled-e1738960624620-1024x314.jpg 1024w, https:\/\/numguentu.com.br\/site\/wp-content\/uploads\/2025\/02\/NUMGUENTU-2024-Creditos-@flipe.motion-Felipe-Bezerril-175-1-scaled-e1738960624620-300x92.jpg 300w, https:\/\/numguentu.com.br\/site\/wp-content\/uploads\/2025\/02\/NUMGUENTU-2024-Creditos-@flipe.motion-Felipe-Bezerril-175-1-scaled-e1738960624620-768x236.jpg 768w, https:\/\/numguentu.com.br\/site\/wp-content\/uploads\/2025\/02\/NUMGUENTU-2024-Creditos-@flipe.motion-Felipe-Bezerril-175-1-scaled-e1738960624620-1536x471.jpg 1536w, https:\/\/numguentu.com.br\/site\/wp-content\/uploads\/2025\/02\/NUMGUENTU-2024-Creditos-@flipe.motion-Felipe-Bezerril-175-1-scaled-e1738960624620-2048x628.jpg 2048w, https:\/\/numguentu.com.br\/site\/wp-content\/uploads\/2025\/02\/NUMGUENTU-2024-Creditos-@flipe.motion-Felipe-Bezerril-175-1-scaled-e1738960624620-1920x589.jpg 1920w\" sizes=\"auto, (max-width: 1024px) 100vw, 1024px\" \/><\/p>\n<p style=\"text-align: justify;\">Fundado em <strong>16 de agosto de 2008<\/strong>, o <strong>Numguentu<\/strong> nasceu como um time de futebol e, ao longo dos anos, se consolidou como uma das mais importantes associa\u00e7\u00f5es culturais e esportivas de Santa Isabel. Em <strong>2025<\/strong>, o Numguentu se tornou oficialmente a <strong>Associa\u00e7\u00e3o Cultural e Esportiva Numguentu<\/strong>, ampliando suas atividades para al\u00e9m do esporte e fortalecendo suas a\u00e7\u00f5es sociais e culturais.<\/p>\n<p style=\"text-align: justify;\">Com uma trajet\u00f3ria marcada por conquistas dentro e fora dos campos, o Numguentu n\u00e3o \u00e9 apenas um time, mas uma <strong>comunidade unida por paix\u00e3o, tradi\u00e7\u00e3o e solidariedade<\/strong>. O projeto engloba diversas frentes de atua\u00e7\u00e3o, incluindo futebol, Carnaval, a\u00e7\u00f5es sociais e culturais, sempre promovendo a <strong>integra\u00e7\u00e3o, inclus\u00e3o e desenvolvimento da comunidade<\/strong>.<\/p>\n<p style=\"text-align: justify;\">Al\u00e9m do reconhecimento esportivo, a associa\u00e7\u00e3o tem forte atua\u00e7\u00e3o social, organizando campanhas de arrecada\u00e7\u00e3o de alimentos, brinquedos e agasalhos, al\u00e9m de realizar a <strong>maior Festa das Crian\u00e7as gratuita de Santa Isabel<\/strong>, um evento que leva alegria e solidariedade a centenas de fam\u00edlias.<\/p>\n<p style=\"text-align: justify;\">Outro grande destaque do Numguentu \u00e9 sua presen\u00e7a no Carnaval de Santa Isabel, atrav\u00e9s do <strong>Bloco do Numguentu<\/strong>, impulsionado pela <strong>Bateria Muita Treta<\/strong> e pela vibrante <strong>Torcida Jovem<\/strong>, que levam energia e cultura para a avenida.<\/p>\n<p style=\"text-align: justify;\">O Numguentu \u00e9, acima de tudo, um <strong>movimento comunit\u00e1rio<\/strong>, formado por atletas, torcedores, m\u00fasicos, volunt\u00e1rios e apaixonados por esporte e cultura. Com o lema de sempre crescer e impactar positivamente a cidade de Santa Isabel, seguimos firmes no compromisso de promover o esporte, a cultura e a solidariedade.<\/p>\n<p style=\"text-align: justify;\">Venha fazer parte dessa hist\u00f3ria!<\/p>\n<p><span style=\"color: #ff0000;\"><strong>Veja tamb\u00e9m:<\/strong><\/span><\/p>\n<p><a href=\"https:\/\/numguentu.com.br\/site\/diretoria-administrativa\/\">Diretoria Administrativa<\/a><\/p>\n<p><a href=\"https:\/\/numguentu.com.br\/site\/transparencia\/\">Transpar\u00eancia<\/a><\/p>\n<p><a href=\"https:\/\/numguentu.com.br\/site\/estatuto-numguentu\/\">Estatuto<\/a><\/p>\n\n\t\t<style type=\"text\/css\">\n\t\t\t#gallery-1 {\n\t\t\t\tmargin: auto;\n\t\t\t}\n\t\t\t#gallery-1 .gallery-item {\n\t\t\t\tfloat: left;\n\t\t\t\tmargin-top: 10px;\n\t\t\t\ttext-align: center;\n\t\t\t\twidth: 25%;\n\t\t\t}\n\t\t\t#gallery-1 img {\n\t\t\t\tborder: 2px solid #cfcfcf;\n\t\t\t}\n\t\t\t#gallery-1 .gallery-caption {\n\t\t\t\tmargin-left: 0;\n\t\t\t}\n\t\t\t\/* see gallery_shortcode() in wp-includes\/media.php *\/\n\t\t<\/style>\n\t\t<div id='gallery-1' class='gallery galleryid-2 gallery-columns-4 gallery-size-thumbnail'><dl class='gallery-item'>\n\t\t\t<dt class='gallery-icon portrait'>\n\t\t\t\t<a href='https:\/\/numguentu.com.br\/site\/wp-content\/uploads\/2025\/02\/BLOCO-NUMGUENTU-BATERIA-MUITA-TRETA-1-scaled-e1738961644150.jpeg'><img loading=\"lazy\" decoding=\"async\" width=\"150\" height=\"150\" src=\"https:\/\/numguentu.com.br\/site\/wp-content\/uploads\/2025\/02\/BLOCO-NUMGUENTU-BATERIA-MUITA-TRETA-1-scaled-e1738961644150-150x150.jpeg\" class=\"attachment-thumbnail size-thumbnail\" alt=\"\" \/><\/a>\n\t\t\t<\/dt><\/dl><dl class='gallery-item'>\n\t\t\t<dt class='gallery-icon landscape'>\n\t\t\t\t<a href='https:\/\/numguentu.com.br\/site\/wp-content\/uploads\/2025\/02\/BLOCO-NUMGUENTU-BATERIA-MUITA-TRETA-5-scaled.jpeg'><img loading=\"lazy\" decoding=\"async\" width=\"150\" height=\"150\" src=\"https:\/\/numguentu.com.br\/site\/wp-content\/uploads\/2025\/02\/BLOCO-NUMGUENTU-BATERIA-MUITA-TRETA-5-150x150.jpeg\" class=\"attachment-thumbnail size-thumbnail\" alt=\"\" \/><\/a>\n\t\t\t<\/dt><\/dl><dl class='gallery-item'>\n\t\t\t<dt class='gallery-icon landscape'>\n\t\t\t\t<a href='https:\/\/numguentu.com.br\/site\/wp-content\/uploads\/2025\/02\/BLOCO-NUMGUENTU-BATERIA-MUITA-TRETA-8-scaled.jpeg'><img loading=\"lazy\" decoding=\"async\" width=\"150\" height=\"150\" src=\"https:\/\/numguentu.com.br\/site\/wp-content\/uploads\/2025\/02\/BLOCO-NUMGUENTU-BATERIA-MUITA-TRETA-8-150x150.jpeg\" class=\"attachment-thumbnail size-thumbnail\" alt=\"\" \/><\/a>\n\t\t\t<\/dt><\/dl><dl class='gallery-item'>\n\t\t\t<dt class='gallery-icon portrait'>\n\t\t\t\t<a href='https:\/\/numguentu.com.br\/site\/wp-content\/uploads\/2025\/02\/Creditos-Foto-Barbara-Soares-@pedefotografia-20-scaled-e1738961669908.jpg'><img loading=\"lazy\" decoding=\"async\" width=\"150\" height=\"150\" src=\"https:\/\/numguentu.com.br\/site\/wp-content\/uploads\/2025\/02\/Creditos-Foto-Barbara-Soares-@pedefotografia-20-scaled-e1738961669908-150x150.jpg\" class=\"attachment-thumbnail size-thumbnail\" alt=\"\" \/><\/a>\n\t\t\t<\/dt><\/dl><br style=\"clear: both\" \/><dl class='gallery-item'>\n\t\t\t<dt class='gallery-icon portrait'>\n\t\t\t\t<a href='https:\/\/numguentu.com.br\/site\/wp-content\/uploads\/2025\/02\/Creditos-Foto-Barbara-Soares-@pedefotografia-49-scaled.jpg'><img loading=\"lazy\" decoding=\"async\" width=\"150\" height=\"150\" src=\"https:\/\/numguentu.com.br\/site\/wp-content\/uploads\/2025\/02\/Creditos-Foto-Barbara-Soares-@pedefotografia-49-150x150.jpg\" class=\"attachment-thumbnail size-thumbnail\" alt=\"\" \/><\/a>\n\t\t\t<\/dt><\/dl><dl class='gallery-item'>\n\t\t\t<dt class='gallery-icon landscape'>\n\t\t\t\t<a href='https:\/\/numguentu.com.br\/site\/wp-content\/uploads\/2025\/02\/Creditos-Foto-Barbara-Soares-@pedefotografia-138-scaled.jpg'><img loading=\"lazy\" decoding=\"async\" width=\"150\" height=\"150\" src=\"https:\/\/numguentu.com.br\/site\/wp-content\/uploads\/2025\/02\/Creditos-Foto-Barbara-Soares-@pedefotografia-138-150x150.jpg\" class=\"attachment-thumbnail size-thumbnail\" alt=\"\" \/><\/a>\n\t\t\t<\/dt><\/dl><dl class='gallery-item'>\n\t\t\t<dt class='gallery-icon landscape'>\n\t\t\t\t<a href='https:\/\/numguentu.com.br\/site\/wp-content\/uploads\/2025\/02\/Creditos-Foto-Barbara-Soares-@pedefotografia-157-scaled.jpg'><img loading=\"lazy\" decoding=\"async\" width=\"150\" height=\"150\" src=\"https:\/\/numguentu.com.br\/site\/wp-content\/uploads\/2025\/02\/Creditos-Foto-Barbara-Soares-@pedefotografia-157-150x150.jpg\" class=\"attachment-thumbnail size-thumbnail\" alt=\"\" \/><\/a>\n\t\t\t<\/dt><\/dl><dl class='gallery-item'>\n\t\t\t<dt class='gallery-icon landscape'>\n\t\t\t\t<a href='https:\/\/numguentu.com.br\/site\/wp-content\/uploads\/2025\/02\/NUMGUENTU-2024-Creditos-@flipe.motion-Felipe-Bezerril-178-scaled.jpg'><img loading=\"lazy\" decoding=\"async\" width=\"150\" height=\"150\" src=\"https:\/\/numguentu.com.br\/site\/wp-content\/uploads\/2025\/02\/NUMGUENTU-2024-Creditos-@flipe.motion-Felipe-Bezerril-178-150x150.jpg\" class=\"attachment-thumbnail size-thumbnail\" alt=\"\" \/><\/a>\n\t\t\t<\/dt><\/dl><br style=\"clear: both\" \/>\n\t\t<\/div>\n\n","protected":false},"excerpt":{"rendered":"<p>Fundado em 16 de agosto de 2008, o Numguentu nasceu como um time de futebol e, ao longo dos anos, se consolidou como uma das mais importantes associa\u00e7\u00f5es culturais e esportivas de Santa Isabel. Em 2025, o Numguentu se tornou oficialmente a Associa\u00e7\u00e3o Cultural e Esportiva Numguentu, ampliando suas atividades para al\u00e9m do esporte e&hellip; <br \/> <a class=\"button small blue\" href=\"https:\/\/numguentu.com.br\/site\/sobre\/\">Leia mais<\/a><\/p>\n","protected":false},"author":1,"featured_media":0,"parent":0,"menu_order":0,"comment_status":"closed","ping_status":"open","template":"","meta":{"footnotes":""},"class_list":["post-2","page","type-page","status-publish","hentry"],"_links":{"self":[{"href":"https:\/\/numguentu.com.br\/site\/wp-json\/wp\/v2\/pages\/2","targetHints":{"allow":["GET"]}}],"collection":[{"href":"https:\/\/numguentu.com.br\/site\/wp-json\/wp\/v2\/pages"}],"about":[{"href":"https:\/\/numguentu.com.br\/site\/wp-json\/wp\/v2\/types\/page"}],"author":[{"embeddable":true,"href":"https:\/\/numguentu.com.br\/site\/wp-json\/wp\/v2\/users\/1"}],"replies":[{"embeddable":true,"href":"https:\/\/numguentu.com.br\/site\/wp-json\/wp\/v2\/comments?post=2"}],"version-history":[{"count":8,"href":"https:\/\/numguentu.com.br\/site\/wp-json\/wp\/v2\/pages\/2\/revisions"}],"predecessor-version":[{"id":212,"href":"https:\/\/numguentu.com.br\/site\/wp-json\/wp\/v2\/pages\/2\/revisions\/212"}],"wp:attachment":[{"href":"https:\/\/numguentu.com.br\/site\/wp-json\/wp\/v2\/media?parent=2"}],"curies":[{"name":"wp","href":"https:\/\/api.w.org\/{rel}","templated":true}]}}