{"id":165,"date":"2025-02-07T21:41:16","date_gmt":"2025-02-07T21:41:16","guid":{"rendered":"https:\/\/numguentu.com.br\/site\/?page_id=165"},"modified":"2025-02-12T19:18:06","modified_gmt":"2025-02-12T19:18:06","slug":"voluntarios","status":"publish","type":"page","link":"https:\/\/numguentu.com.br\/site\/voluntarios\/","title":{"rendered":"VOLUNT\u00c1RIOS"},"content":{"rendered":"<p style=\"text-align: justify;\" data-start=\"140\" data-end=\"375\">O Numguentu vai al\u00e9m do esporte e da cultura \u2013 somos uma fam\u00edlia unida pela solidariedade e pelo desejo de transformar vidas.<\/p>\n<p style=\"text-align: justify;\" data-start=\"140\" data-end=\"375\">Se voc\u00ea quer fazer a diferen\u00e7a e contribuir ativamente para os nossos projetos, venha ser um volunt\u00e1rio!<\/p>\n<p style=\"text-align: justify;\" data-start=\"377\" data-end=\"740\">Nossos eventos, a\u00e7\u00f5es sociais e iniciativas culturais acontecem gra\u00e7as ao esfor\u00e7o de pessoas dedicadas, que doam seu tempo e talento para fortalecer o Numguentu. Seja ajudando na organiza\u00e7\u00e3o da <strong data-start=\"571\" data-end=\"593\">Festa das Crian\u00e7as<\/strong>, colaborando com o <strong data-start=\"613\" data-end=\"634\">Bloco de Carnaval<\/strong>, apoiando nossas <strong data-start=\"652\" data-end=\"672\">equipes de futebol<\/strong> ou participando de campanhas sociais, sua ajuda ser\u00e1 fundamental!<\/p>\n<h3 style=\"text-align: justify;\" data-start=\"742\" data-end=\"775\"><strong data-start=\"746\" data-end=\"773\">Por que ser volunt\u00e1rio?<\/strong><\/h3>\n<p style=\"text-align: justify;\" data-start=\"776\" data-end=\"984\">\u2705 Fa\u00e7a parte de um movimento que impacta a comunidade<br data-start=\"829\" data-end=\"832\" \/>\u2705 Conhe\u00e7a pessoas e fa\u00e7a novas amizades<br data-start=\"871\" data-end=\"874\" \/>\u2705 Desenvolva novas habilidades e experi\u00eancias<br data-start=\"919\" data-end=\"922\" \/>\u2705 Contribua para o crescimento do esporte e da cultura local<\/p>\n<p style=\"text-align: justify;\" data-start=\"986\" data-end=\"1073\">Seja qual for sua habilidade ou disponibilidade, h\u00e1 um espa\u00e7o para voc\u00ea no Numguentu!<\/p>\n<p style=\"text-align: justify;\" data-start=\"1128\" data-end=\"1183\">Junte-se a n\u00f3s e ajude a escrever essa hist\u00f3ria!<\/p>\n<p style=\"text-align: center;\"><strong>Preencha o formul\u00e1rio abaixo para enviar sua solicita\u00e7\u00e3o de volunt\u00e1rio.<br \/>\nAp\u00f3s receber seus dados, nossa equipe entrar\u00e1 em contato para passar mais informa\u00e7\u00f5es.<\/strong><\/p>\n<p style=\"text-align: center;\"><a href=\"https:\/\/numguentu.com.br\/site\/estatuto-numguentu\/\" target=\"_blank\" rel=\"noopener\">ANTES, LEIA NOSSO ESTATUTO.<\/a><\/p>\n<p style=\"text-align: center;\">\n<div class=\"wpcf7 no-js\" id=\"wpcf7-f220-o1\" lang=\"pt-BR\" dir=\"ltr\" data-wpcf7-id=\"220\">\n<div class=\"screen-reader-response\"><p role=\"status\" aria-live=\"polite\" aria-atomic=\"true\"><\/p> <ul><\/ul><\/div>\n<form action=\"\/site\/wp-json\/wp\/v2\/pages\/165#wpcf7-f220-o1\" method=\"post\" class=\"wpcf7-form init\" aria-label=\"Formul\u00e1rios de contato\" novalidate=\"novalidate\" data-status=\"init\">\n<div style=\"display: none;\">\n<input type=\"hidden\" name=\"_wpcf7\" value=\"220\" \/>\n<input type=\"hidden\" name=\"_wpcf7_version\" value=\"6.0.4\" \/>\n<input type=\"hidden\" name=\"_wpcf7_locale\" value=\"pt_BR\" \/>\n<input type=\"hidden\" name=\"_wpcf7_unit_tag\" value=\"wpcf7-f220-o1\" \/>\n<input type=\"hidden\" name=\"_wpcf7_container_post\" value=\"0\" \/>\n<input type=\"hidden\" name=\"_wpcf7_posted_data_hash\" value=\"\" \/>\n<\/div>\n<p><label> Seu nome<br \/>\n<span class=\"wpcf7-form-control-wrap\" data-name=\"your-name\"><input size=\"40\" maxlength=\"400\" class=\"wpcf7-form-control wpcf7-text wpcf7-validates-as-required\" autocomplete=\"name\" aria-required=\"true\" aria-invalid=\"false\" value=\"\" type=\"text\" name=\"your-name\" \/><\/span> <\/label>\n<\/p>\n<p><label> Seu e-mail<br \/>\n<span class=\"wpcf7-form-control-wrap\" data-name=\"your-email\"><input size=\"40\" maxlength=\"400\" class=\"wpcf7-form-control wpcf7-email wpcf7-validates-as-required wpcf7-text wpcf7-validates-as-email\" autocomplete=\"email\" aria-required=\"true\" aria-invalid=\"false\" value=\"\" type=\"email\" name=\"your-email\" \/><\/span> <\/label>\n<\/p>\n<p><label> Telefone<br \/>\n<span class=\"wpcf7-form-control-wrap\" data-name=\"telefone\"><input size=\"40\" maxlength=\"400\" class=\"wpcf7-form-control wpcf7-tel wpcf7-text wpcf7-validates-as-tel\" aria-invalid=\"false\" value=\"\" type=\"tel\" name=\"telefone\" \/><\/span> <\/label>\n<\/p>\n<p><label> Bairro - Cidade<br \/>\n<span class=\"wpcf7-form-control-wrap\" data-name=\"your-subject\"><input size=\"40\" maxlength=\"400\" class=\"wpcf7-form-control wpcf7-text wpcf7-validates-as-required\" aria-required=\"true\" aria-invalid=\"false\" value=\"\" type=\"text\" name=\"your-subject\" \/><\/span> <\/label>\n<\/p>\n<p><label> Por que voc\u00ea quer ser volunt\u00e1rio do Numguentu? (opcional)<br \/>\n<span class=\"wpcf7-form-control-wrap\" data-name=\"your-message\"><textarea cols=\"40\" rows=\"10\" maxlength=\"2000\" class=\"wpcf7-form-control wpcf7-textarea\" aria-invalid=\"false\" name=\"your-message\"><\/textarea><\/span> <\/label>\n<\/p>\n<p><span class=\"wpcf7-form-control-wrap\" data-name=\"ACEITE-ESTATUTO\"><span class=\"wpcf7-form-control wpcf7-acceptance optional\"><span class=\"wpcf7-list-item\"><label><input type=\"checkbox\" name=\"ACEITE-ESTATUTO\" value=\"1\" aria-invalid=\"false\" \/><span class=\"wpcf7-list-item-label\">Estou de acordo com o Estatuto do Numguentu<\/span><\/label><\/span><\/span><\/span>\n<\/p>\n<p><input class=\"wpcf7-form-control wpcf7-submit has-spinner\" type=\"submit\" value=\"Enviar\" \/>\n<\/p><div class=\"wpcf7-response-output\" aria-hidden=\"true\"><\/div>\n<\/form>\n<\/div>\n<\/p>\n<p style=\"text-align: justify;\">\n","protected":false},"excerpt":{"rendered":"<p>O Numguentu vai al\u00e9m do esporte e da cultura \u2013 somos uma fam\u00edlia unida pela solidariedade e pelo desejo de transformar vidas. Se voc\u00ea quer fazer a diferen\u00e7a e contribuir ativamente para os nossos projetos, venha ser um volunt\u00e1rio! Nossos eventos, a\u00e7\u00f5es sociais e iniciativas culturais acontecem gra\u00e7as ao esfor\u00e7o de pessoas dedicadas, que doam&hellip; <br \/> <a class=\"button small blue\" href=\"https:\/\/numguentu.com.br\/site\/voluntarios\/\">Leia mais<\/a><\/p>\n","protected":false},"author":1,"featured_media":0,"parent":0,"menu_order":0,"comment_status":"closed","ping_status":"closed","template":"","meta":{"footnotes":""},"class_list":["post-165","page","type-page","status-publish","hentry"],"_links":{"self":[{"href":"https:\/\/numguentu.com.br\/site\/wp-json\/wp\/v2\/pages\/165","targetHints":{"allow":["GET"]}}],"collection":[{"href":"https:\/\/numguentu.com.br\/site\/wp-json\/wp\/v2\/pages"}],"about":[{"href":"https:\/\/numguentu.com.br\/site\/wp-json\/wp\/v2\/types\/page"}],"author":[{"embeddable":true,"href":"https:\/\/numguentu.com.br\/site\/wp-json\/wp\/v2\/users\/1"}],"replies":[{"embeddable":true,"href":"https:\/\/numguentu.com.br\/site\/wp-json\/wp\/v2\/comments?post=165"}],"version-history":[{"count":4,"href":"https:\/\/numguentu.com.br\/site\/wp-json\/wp\/v2\/pages\/165\/revisions"}],"predecessor-version":[{"id":223,"href":"https:\/\/numguentu.com.br\/site\/wp-json\/wp\/v2\/pages\/165\/revisions\/223"}],"wp:attachment":[{"href":"https:\/\/numguentu.com.br\/site\/wp-json\/wp\/v2\/media?parent=165"}],"curies":[{"name":"wp","href":"https:\/\/api.w.org\/{rel}","templated":true}]}}