{"id":163,"date":"2025-02-07T21:40:55","date_gmt":"2025-02-07T21:40:55","guid":{"rendered":"https:\/\/numguentu.com.br\/site\/?page_id=163"},"modified":"2025-08-29T01:48:17","modified_gmt":"2025-08-29T01:48:17","slug":"beneficios","status":"publish","type":"page","link":"https:\/\/numguentu.com.br\/site\/beneficios\/","title":{"rendered":"VANTAGENS PARA S\u00d3CIOS"},"content":{"rendered":"<p style=\"text-align: justify;\" data-start=\"149\" data-end=\"374\">Ser associado do Numguentu \u00e9 fazer parte de uma <strong data-start=\"197\" data-end=\"257\">fam\u00edlia apaixonada pelo esporte, cultura e a\u00e7\u00f5es sociais<\/strong>. Mais do que contribuir para o crescimento da nossa associa\u00e7\u00e3o, voc\u00ea ter\u00e1 acesso a diversos benef\u00edcios exclusivos!<\/p>\n<h3 style=\"text-align: justify;\" data-start=\"376\" data-end=\"415\"><strong data-start=\"380\" data-end=\"413\">O que voc\u00ea ganha sendo s\u00f3cio?<\/strong><\/h3>\n<p style=\"text-align: justify;\" data-start=\"417\" data-end=\"580\">\u2705 <strong data-start=\"419\" data-end=\"441\">Participa\u00e7\u00e3o ativa<\/strong> \u2013 Como associado, voc\u00ea pode ajudar a definir os rumos da associa\u00e7\u00e3o e contribuir com ideias e sugest\u00f5es para o crescimento do Numguentu conforme nosso estatuto.<\/p>\n<p style=\"text-align: justify;\" data-start=\"582\" data-end=\"720\">\u2705 <strong data-start=\"584\" data-end=\"621\">Descontos e prioridade em eventos<\/strong> \u2013 Tenha benef\u00edcios especiais em festas, campeonatos, ensaios e a\u00e7\u00f5es organizadas pelo Numguentu.<\/p>\n<p data-start=\"582\" data-end=\"720\">\u2705 <strong data-start=\"724\" data-end=\"752\">Descontos e prioridade no uso da sede<\/strong> \u2013 50% na loca\u00e7\u00e3o do <a href=\"https:\/\/numguentu.com.br\/site\/nossa-sede\/\">espa\u00e7o da sede<\/a> para eventos particulares e prioridade na reserva.<\/p>\n<p style=\"text-align: justify;\" data-start=\"722\" data-end=\"881\">\u2705 <strong data-start=\"724\" data-end=\"752\">Benef\u00edcios com parceiros<\/strong> \u2013 Acesso a condi\u00e7\u00f5es especiais em estabelecimentos parceiros do Numguentu, como com\u00e9rcios, academias e prestadores de servi\u00e7o. <a href=\"#\"><span style=\"color: #800000;\"><strong>(LISTA COMPLETA EM BREVE)<\/strong><\/span><\/a><\/p>\n<p style=\"text-align: justify;\" data-start=\"883\" data-end=\"1051\">\u2705 <strong data-start=\"885\" data-end=\"924\">Fortalecimento do esporte e cultura<\/strong> \u2013 Sua contribui\u00e7\u00e3o ajuda a manter e expandir nossos projetos esportivos, sociais e culturais, beneficiando toda a cidade.<\/p>\n<p style=\"text-align: justify;\" data-start=\"1053\" data-end=\"1163\">\u2705 <strong data-start=\"1055\" data-end=\"1072\">Exclusividade<\/strong> \u2013 Camisetas, brindes e materiais personalizados para os associados, al\u00e9m de eventos especiais.<\/p>\n<p style=\"text-align: justify;\" data-start=\"1165\" data-end=\"1290\">Junte-se ao Numguentu e aproveite essas vantagens enquanto fortalece uma das associa\u00e7\u00f5es mais tradicionais de Santa Isabel!<\/p>\n<p style=\"text-align: center;\" data-start=\"1292\" data-end=\"1334\">\ud83d\udd39 <strong data-start=\"1295\" data-end=\"1332\"><a href=\"https:\/\/numguentu.com.br\/site\/seja-socio\/\" rel=\"noopener\" data-start=\"1297\" data-end=\"1330\">ASSOCIE-SE J\u00c1, CLIQUE AQUI!<\/a><\/strong><\/p>\n<p style=\"text-align: justify;\">\n","protected":false},"excerpt":{"rendered":"<p>Ser associado do Numguentu \u00e9 fazer parte de uma fam\u00edlia apaixonada pelo esporte, cultura e a\u00e7\u00f5es sociais. Mais do que contribuir para o crescimento da nossa associa\u00e7\u00e3o, voc\u00ea ter\u00e1 acesso a diversos benef\u00edcios exclusivos! O que voc\u00ea ganha sendo s\u00f3cio? \u2705 Participa\u00e7\u00e3o ativa \u2013 Como associado, voc\u00ea pode ajudar a definir os rumos da associa\u00e7\u00e3o&hellip; <br \/> <a class=\"button small blue\" href=\"https:\/\/numguentu.com.br\/site\/beneficios\/\">Leia mais<\/a><\/p>\n","protected":false},"author":1,"featured_media":0,"parent":0,"menu_order":0,"comment_status":"closed","ping_status":"closed","template":"","meta":{"footnotes":""},"class_list":["post-163","page","type-page","status-publish","hentry"],"_links":{"self":[{"href":"https:\/\/numguentu.com.br\/site\/wp-json\/wp\/v2\/pages\/163","targetHints":{"allow":["GET"]}}],"collection":[{"href":"https:\/\/numguentu.com.br\/site\/wp-json\/wp\/v2\/pages"}],"about":[{"href":"https:\/\/numguentu.com.br\/site\/wp-json\/wp\/v2\/types\/page"}],"author":[{"embeddable":true,"href":"https:\/\/numguentu.com.br\/site\/wp-json\/wp\/v2\/users\/1"}],"replies":[{"embeddable":true,"href":"https:\/\/numguentu.com.br\/site\/wp-json\/wp\/v2\/comments?post=163"}],"version-history":[{"count":5,"href":"https:\/\/numguentu.com.br\/site\/wp-json\/wp\/v2\/pages\/163\/revisions"}],"predecessor-version":[{"id":395,"href":"https:\/\/numguentu.com.br\/site\/wp-json\/wp\/v2\/pages\/163\/revisions\/395"}],"wp:attachment":[{"href":"https:\/\/numguentu.com.br\/site\/wp-json\/wp\/v2\/media?parent=163"}],"curies":[{"name":"wp","href":"https:\/\/api.w.org\/{rel}","templated":true}]}}