{"id":158,"date":"2025-02-07T21:37:55","date_gmt":"2025-02-07T21:37:55","guid":{"rendered":"https:\/\/numguentu.com.br\/site\/?page_id=158"},"modified":"2025-02-12T18:54:42","modified_gmt":"2025-02-12T18:54:42","slug":"faca-parte","status":"publish","type":"page","link":"https:\/\/numguentu.com.br\/site\/faca-parte\/","title":{"rendered":"FA\u00c7A PARTE DO NUMGUENTU"},"content":{"rendered":"<p style=\"text-align: justify;\" data-start=\"129\" data-end=\"398\">O Numguentu \u00e9 mais do que um time, um bloco ou uma associa\u00e7\u00e3o. Somos uma <strong data-start=\"202\" data-end=\"213\">fam\u00edlia<\/strong> movida pelo esporte, pela cultura e pela solidariedade.<\/p>\n<p style=\"text-align: justify;\" data-start=\"129\" data-end=\"398\">Se voc\u00ea deseja fazer parte dessa hist\u00f3ria e contribuir para o crescimento do nosso projeto, h\u00e1 diversas formas de se envolver!<\/p>\n<p style=\"text-align: justify;\" data-start=\"400\" data-end=\"623\">Seja como <strong data-start=\"410\" data-end=\"419\">s\u00f3cio<\/strong>, <strong data-start=\"421\" data-end=\"435\">volunt\u00e1rio<\/strong> ou <strong data-start=\"439\" data-end=\"451\">apoiador<\/strong>, sua participa\u00e7\u00e3o \u00e9 essencial para que possamos continuar promovendo o esporte, organizando eventos culturais e realizando a\u00e7\u00f5es sociais em Santa Isabel e regi\u00e3o.<\/p>\n<p style=\"text-align: justify;\" data-start=\"625\" data-end=\"666\">Escolha como voc\u00ea quer se juntar a n\u00f3s:<\/p>\n<p style=\"text-align: justify;\" data-start=\"668\" data-end=\"935\">\ud83d\udd39 <strong data-start=\"671\" data-end=\"690\"><a href=\"https:\/\/numguentu.com.br\/site\/seja-socio\/\" rel=\"noopener\" data-start=\"673\" data-end=\"688\">Seja S\u00f3cio<\/a><\/strong> \u2013 Tenha benef\u00edcios exclusivos e ajude a fortalecer o Numguentu.<br data-start=\"754\" data-end=\"757\" \/>\ud83d\udd39 <strong data-start=\"760\" data-end=\"784\"><a href=\"https:\/\/numguentu.com.br\/site\/voluntarios\/\" rel=\"noopener\" data-start=\"762\" data-end=\"782\">Seja Volunt\u00e1rio<\/a><\/strong> \u2013 Coloque a m\u00e3o na massa e ajude em nossos projetos e eventos.<\/p>\n<p style=\"text-align: justify;\" data-start=\"668\" data-end=\"935\"><br data-start=\"847\" data-end=\"850\" \/>\ud83d\udd39 <strong data-start=\"853\" data-end=\"886\"><a href=\"https:\/\/numguentu.com.br\/site\/beneficios\/\" rel=\"noopener\" data-start=\"855\" data-end=\"884\">Vantagens de Fazer Parte<\/a><\/strong> \u2013 Descubra os benef\u00edcios de ser associado do Numguentu.<\/p>\n<p style=\"text-align: justify;\" data-start=\"937\" data-end=\"1006\">Venha somar for\u00e7as ao Numguentu e fazer parte dessa caminhada!<\/p>\n<p style=\"text-align: justify;\"><strong>Se preferir, utilize o formul\u00e1rio abaixo para entrar em contato.<\/strong><\/p>\n<p style=\"text-align: justify;\">\n<div class=\"wpcf7 no-js\" id=\"wpcf7-f8-o1\" lang=\"pt-BR\" dir=\"ltr\" data-wpcf7-id=\"8\">\n<div class=\"screen-reader-response\"><p role=\"status\" aria-live=\"polite\" aria-atomic=\"true\"><\/p> <ul><\/ul><\/div>\n<form action=\"\/site\/wp-json\/wp\/v2\/pages\/158#wpcf7-f8-o1\" method=\"post\" class=\"wpcf7-form init\" aria-label=\"Formul\u00e1rios de contato\" novalidate=\"novalidate\" data-status=\"init\">\n<div style=\"display: none;\">\n<input type=\"hidden\" name=\"_wpcf7\" value=\"8\" \/>\n<input type=\"hidden\" name=\"_wpcf7_version\" value=\"6.0.4\" \/>\n<input type=\"hidden\" name=\"_wpcf7_locale\" value=\"pt_BR\" \/>\n<input type=\"hidden\" name=\"_wpcf7_unit_tag\" value=\"wpcf7-f8-o1\" \/>\n<input type=\"hidden\" name=\"_wpcf7_container_post\" value=\"0\" \/>\n<input type=\"hidden\" name=\"_wpcf7_posted_data_hash\" value=\"\" \/>\n<\/div>\n<p><label> Seu nome<br \/>\n<span class=\"wpcf7-form-control-wrap\" data-name=\"your-name\"><input size=\"40\" maxlength=\"400\" class=\"wpcf7-form-control wpcf7-text wpcf7-validates-as-required\" autocomplete=\"name\" aria-required=\"true\" aria-invalid=\"false\" value=\"\" type=\"text\" name=\"your-name\" \/><\/span> <\/label>\n<\/p>\n<p><label> Seu e-mail<br \/>\n<span class=\"wpcf7-form-control-wrap\" data-name=\"your-email\"><input size=\"40\" maxlength=\"400\" class=\"wpcf7-form-control wpcf7-email wpcf7-validates-as-required wpcf7-text wpcf7-validates-as-email\" autocomplete=\"email\" aria-required=\"true\" aria-invalid=\"false\" value=\"\" type=\"email\" name=\"your-email\" \/><\/span> <\/label>\n<\/p>\n<p><label> Assunto<br \/>\n<span class=\"wpcf7-form-control-wrap\" data-name=\"your-subject\"><input size=\"40\" maxlength=\"400\" class=\"wpcf7-form-control wpcf7-text wpcf7-validates-as-required\" aria-required=\"true\" aria-invalid=\"false\" value=\"\" type=\"text\" name=\"your-subject\" \/><\/span> <\/label>\n<\/p>\n<p><label> Sua mensagem (opcional)<br \/>\n<span class=\"wpcf7-form-control-wrap\" data-name=\"your-message\"><textarea cols=\"40\" rows=\"10\" maxlength=\"2000\" class=\"wpcf7-form-control wpcf7-textarea\" aria-invalid=\"false\" name=\"your-message\"><\/textarea><\/span> <\/label>\n<\/p>\n<p><input class=\"wpcf7-form-control wpcf7-submit has-spinner\" type=\"submit\" value=\"Enviar\" \/>\n<\/p><div class=\"wpcf7-response-output\" aria-hidden=\"true\"><\/div>\n<\/form>\n<\/div>\n<\/p>\n<p style=\"text-align: justify;\">\n","protected":false},"excerpt":{"rendered":"<p>O Numguentu \u00e9 mais do que um time, um bloco ou uma associa\u00e7\u00e3o. Somos uma fam\u00edlia movida pelo esporte, pela cultura e pela solidariedade. Se voc\u00ea deseja fazer parte dessa hist\u00f3ria e contribuir para o crescimento do nosso projeto, h\u00e1 diversas formas de se envolver! Seja como s\u00f3cio, volunt\u00e1rio ou apoiador, sua participa\u00e7\u00e3o \u00e9 essencial&hellip; <br \/> <a class=\"button small blue\" href=\"https:\/\/numguentu.com.br\/site\/faca-parte\/\">Leia mais<\/a><\/p>\n","protected":false},"author":1,"featured_media":0,"parent":0,"menu_order":0,"comment_status":"closed","ping_status":"closed","template":"","meta":{"footnotes":""},"class_list":["post-158","page","type-page","status-publish","hentry"],"_links":{"self":[{"href":"https:\/\/numguentu.com.br\/site\/wp-json\/wp\/v2\/pages\/158","targetHints":{"allow":["GET"]}}],"collection":[{"href":"https:\/\/numguentu.com.br\/site\/wp-json\/wp\/v2\/pages"}],"about":[{"href":"https:\/\/numguentu.com.br\/site\/wp-json\/wp\/v2\/types\/page"}],"author":[{"embeddable":true,"href":"https:\/\/numguentu.com.br\/site\/wp-json\/wp\/v2\/users\/1"}],"replies":[{"embeddable":true,"href":"https:\/\/numguentu.com.br\/site\/wp-json\/wp\/v2\/comments?post=158"}],"version-history":[{"count":5,"href":"https:\/\/numguentu.com.br\/site\/wp-json\/wp\/v2\/pages\/158\/revisions"}],"predecessor-version":[{"id":214,"href":"https:\/\/numguentu.com.br\/site\/wp-json\/wp\/v2\/pages\/158\/revisions\/214"}],"wp:attachment":[{"href":"https:\/\/numguentu.com.br\/site\/wp-json\/wp\/v2\/media?parent=158"}],"curies":[{"name":"wp","href":"https:\/\/api.w.org\/{rel}","templated":true}]}}